{"id":1517,"date":"2024-05-13T20:55:06","date_gmt":"2024-05-13T18:55:06","guid":{"rendered":"https:\/\/demo.apidata.fr\/?page_id=1517"},"modified":"2025-04-28T13:53:22","modified_gmt":"2025-04-28T11:53:22","slug":"politique-de-confidentialite-2","status":"publish","type":"page","link":"https:\/\/www.apidata.fr\/index.php\/politique-de-confidentialite-2\/","title":{"rendered":"Politique de confidentialit\u00e9"},"content":{"rendered":"\t\t<div data-elementor-type=\"wp-page\" data-elementor-id=\"1517\" class=\"elementor elementor-1517\">\n\t\t\t\t<div class=\"elementor-element elementor-element-fd27c36 e-flex e-con-boxed wpr-particle-no wpr-jarallax-no wpr-parallax-no wpr-sticky-section-no e-con e-parent\" data-id=\"fd27c36\" data-element_type=\"container\">\n\t\t\t\t\t<div class=\"e-con-inner\">\n\t\t<div class=\"elementor-element elementor-element-3a9e298 e-con-full e-flex wpr-particle-no wpr-jarallax-no wpr-parallax-no wpr-sticky-section-no e-con e-child\" data-id=\"3a9e298\" data-element_type=\"container\">\n\t\t\t\t<div class=\"elementor-element elementor-element-65d6c14 elementor-invisible elementor-widget elementor-widget-heading\" data-id=\"65d6c14\" data-element_type=\"widget\" data-settings=\"{&quot;_animation&quot;:&quot;slideInLeft&quot;}\" data-widget_type=\"heading.default\">\n\t\t\t\t<div class=\"elementor-widget-container\">\n\t\t\t<style>\/*! elementor - v3.21.0 - 26-05-2024 *\/\n.elementor-heading-title{padding:0;margin:0;line-height:1}.elementor-widget-heading .elementor-heading-title[class*=elementor-size-]>a{color:inherit;font-size:inherit;line-height:inherit}.elementor-widget-heading .elementor-heading-title.elementor-size-small{font-size:15px}.elementor-widget-heading .elementor-heading-title.elementor-size-medium{font-size:19px}.elementor-widget-heading .elementor-heading-title.elementor-size-large{font-size:29px}.elementor-widget-heading .elementor-heading-title.elementor-size-xl{font-size:39px}.elementor-widget-heading .elementor-heading-title.elementor-size-xxl{font-size:59px}<\/style><h1 class=\"elementor-heading-title elementor-size-default\">POLITIQUE DE CONFIDENTIALITE<\/h1>\t\t<\/div>\n\t\t\t\t<\/div>\n\t\t\t\t<div class=\"elementor-element elementor-element-82d069b elementor-widget elementor-widget-text-editor\" data-id=\"82d069b\" data-element_type=\"widget\" data-widget_type=\"text-editor.default\">\n\t\t\t\t<div class=\"elementor-widget-container\">\n\t\t\t<style>\/*! elementor - v3.21.0 - 26-05-2024 *\/\n.elementor-widget-text-editor.elementor-drop-cap-view-stacked .elementor-drop-cap{background-color:#69727d;color:#fff}.elementor-widget-text-editor.elementor-drop-cap-view-framed .elementor-drop-cap{color:#69727d;border:3px solid;background-color:transparent}.elementor-widget-text-editor:not(.elementor-drop-cap-view-default) .elementor-drop-cap{margin-top:8px}.elementor-widget-text-editor:not(.elementor-drop-cap-view-default) .elementor-drop-cap-letter{width:1em;height:1em}.elementor-widget-text-editor .elementor-drop-cap{float:left;text-align:center;line-height:1;font-size:50px}.elementor-widget-text-editor .elementor-drop-cap-letter{display:inline-block}<\/style>\t\t\t\t<p>Les internautes acc\u00e9dant au site <a href=\"http:\/\/www.apidata.fr\/\">www.apidata.fr<\/a> peuvent \u00eatre amen\u00e9s \u00e0 fournir des informations nominatives ou \u00e0 caract\u00e8re personnel, notamment dans le cadre du formulaire de contact.<\/p>\t\t\t\t\t\t<\/div>\n\t\t\t\t<\/div>\n\t\t\t\t<\/div>\n\t\t<div class=\"elementor-element elementor-element-6413294 e-con-full e-flex wpr-particle-no wpr-jarallax-no wpr-parallax-no wpr-sticky-section-no e-con e-child\" data-id=\"6413294\" data-element_type=\"container\">\n\t\t\t\t<div class=\"elementor-element elementor-element-0997227 elementor-widget elementor-widget-menu-anchor\" data-id=\"0997227\" data-element_type=\"widget\" data-widget_type=\"menu-anchor.default\">\n\t\t\t\t<div class=\"elementor-widget-container\">\n\t\t\t<style>\/*! elementor - v3.21.0 - 26-05-2024 *\/\nbody.elementor-page .elementor-widget-menu-anchor{margin-bottom:0}<\/style>\t\t<div class=\"elementor-menu-anchor\" id=\"mentions-legales\"><\/div>\n\t\t\t\t<\/div>\n\t\t\t\t<\/div>\n\t\t\t\t<div class=\"elementor-element elementor-element-d498209 elementor-widget elementor-widget-text-editor\" data-id=\"d498209\" data-element_type=\"widget\" data-widget_type=\"text-editor.default\">\n\t\t\t\t<div class=\"elementor-widget-container\">\n\t\t\t\t\t\t\t<h3><strong>Mentions l\u00e9gales\u00a0: <\/strong><\/h3><p>Nous vous informons que le site internet https:\/\/apidata.fr\/ est \u00e9dit\u00e9 par :<\/p><p>APIDATA<\/p><p>Soci\u00e9t\u00e9 par actions simplifi\u00e9e au capital de 100 500,00\u20ac<\/p><p>Si\u00e8ge social : 35 rue Emile Zola 92150 Suresnes<\/p><p>T\u00e9l\u00e9phone : 07 83 54 15 93<\/p><p>Courriel : contact@apidata.fr<\/p><p>RCS de Nanterre<\/p><p>SIREN : 788 619 161<\/p><p>Num\u00e9ro TVA intracommunautaire : FR44788619161<\/p><p>Le directeur de la publication du site web est Christophe Burlot<\/p><p>Le site https:\/\/apidata.fr\/ est h\u00e9berg\u00e9 par OVH.<\/p><p><strong>Les donn\u00e9es personnelles\u00a0: <\/strong><\/p><p>Apidata est responsable de traitement au sens du R\u00e8glement (UE) 2016\/679 dit R\u00e8glement G\u00e9n\u00e9ral pour la Protection des Donn\u00e9es ou \u00ab RGPD \u00bb, pour la collecte et le traitement des donn\u00e9es \u00e0 caract\u00e8re personnel effectu\u00e9es sur le site accessible \u00e0 l\u2019adresse URL : https:\/\/<a href=\"http:\/\/www.apidata.fr\/\">www.apidata.fr<\/a><\/p><p><strong>Collecte de donn\u00e9es :<\/strong><\/p><p>Apidata traite les donn\u00e9es personnelles collect\u00e9es via son site pour les finalit\u00e9s suivantes :<\/p><ul><li>Afin de permettre au visiteur du site d\u2019obtenir des informations sur les services propos\u00e9s par Apidata et les conditions d\u2019\u00e9ligibilit\u00e9.<\/li><\/ul><ul><li>Afin de permettre au visiteur du site de d\u00e9poser une demande de contact et d\u2019\u00eatre recontact\u00e9 par la suite.<\/li><\/ul><p><strong>Formulaire de contact :<\/strong><\/p><p>Nous mettons \u00e0 votre disposition un formulaire de contact.<\/p><p>Les messages que vous envoyez sont \u00e0 destination d\u2019APIDATA. Les information collect\u00e9es dans le cadre de ce formulaire nous permettent de traiter votre demande de contact.<\/p><p>Vos donn\u00e9es personnelles sont conserv\u00e9es pendant une dur\u00e9e n\u00e9cessaire au traitement de votre demande. Votre consentement est requis pour nous autoriser \u00e0 conserver votre adresse mail \u00e0 cet effet.<\/p><p><strong>Mentions l\u00e9gales pour le formulaire de collecte de donn\u00e9es :<\/strong><\/p><p>Les informations collect\u00e9es par APIDATA sont n\u00e9cessaires au traitement de votre demande. Les donn\u00e9es collect\u00e9es seront communiqu\u00e9es aux seules personnes habilit\u00e9es \u00e0 traiter votre demande. Vos donn\u00e9es seront conserv\u00e9es pendant la dur\u00e9e n\u00e9cessaire au traitement de votre demande afin de vous r\u00e9pondre ; et plus, avec votre consentement.<\/p><p>Vous pouvez acc\u00e9der aux donn\u00e9es vous concernant, les rectifier, demander leur effacement vous opposer au traitement ou au profilage, tout comme exercer votre droit \u00e0 la limitation du traitement.<\/p><p>Pour exercer vos droits ou pour toute question sur le traitement de vos donn\u00e9es, vous pouvez contacter notre d\u00e9l\u00e9gu\u00e9 \u00e0 la protection des donn\u00e9es (DPO) \u00e0 l\u2019adresse postale :<\/p><p>APIDATA<\/p><p>\u00c0 l\u2019attention du DPO<\/p><p>140 rue du Chevaleret, 75013 PARIS<\/p><p>ou par mail \u00e0 : <a href=\"mailto:contactdpo@apidata.fr\">contactdpo@apidata.fr<\/a><\/p><p>Consultez le site cnil.fr pour plus d\u2019informations sur vos droits. Si vous estimez, apr\u00e8s nous avoir contact\u00e9s, que vos droits \u00ab Informatique et Libert\u00e9s \u00bb ne sont pas respect\u00e9s, vous pouvez adresser une r\u00e9clamation aupr\u00e8s de la CNIL.<\/p>\t\t\t\t\t\t<\/div>\n\t\t\t\t<\/div>\n\t\t\t\t<div class=\"elementor-element elementor-element-0c65863 elementor-widget elementor-widget-menu-anchor\" data-id=\"0c65863\" data-element_type=\"widget\" data-widget_type=\"menu-anchor.default\">\n\t\t\t\t<div class=\"elementor-widget-container\">\n\t\t\t\t\t<div class=\"elementor-menu-anchor\" id=\"cookies\"><\/div>\n\t\t\t\t<\/div>\n\t\t\t\t<\/div>\n\t\t\t\t<div class=\"elementor-element elementor-element-4be6d1d elementor-widget elementor-widget-text-editor\" data-id=\"4be6d1d\" data-element_type=\"widget\" data-widget_type=\"text-editor.default\">\n\t\t\t\t<div class=\"elementor-widget-container\">\n\t\t\t\t\t\t\t<h3><strong>Les cookies :<\/strong><\/h3><p>La pr\u00e9sente politique de gestion des cookies s\u2019applique au site <strong>APIDATA.fr.<\/strong><\/p><p>Lors de la consultation de notre site internet, <strong>nous avons choisi de ne pas utiliser de cookies de suivi,<\/strong><\/p><p>c\u2019est-\u00e0-dire de cookies de mesures d\u2019audience ou de statistiques, ni de cookies tiers. Nous n\u2019avons que des cookies dits fonctionnels.<\/p><p><strong>Les cookies essentiels :<\/strong><\/p><p><u>Les cookies essentiels, \u00e9galement appel\u00e9s cookies \u00ab strictement n\u00e9cessaires \u00bb assurent des fonctions<\/u> <u>sans lesquelles le site ne peut pas fonctionner correctement.<\/u><\/p><p>Ils sont stock\u00e9s sur votre appareil uniquement pendant la dur\u00e9e de la session d\u2019utilisation du<\/p><p>Nous avons limit\u00e9 les options de tracking par les r\u00e9seaux sociaux sur notre site. Pour partager nos contenus, il suffit de copier\/coller l\u2019url dans votre page de r\u00e9seau social favoris pour \u00e9viter d\u2019\u00eatre track\u00e9.<\/p><p>En naviguant sur notre site, vous avez la possibilit\u00e9 de cliquer sur le bouton LinkedIn afin de consulter notre profil LinkedIn.\u00a0Ce site tierce est susceptible de d\u00e9poser des cookies pour vous proposer de la publicit\u00e9 cibl\u00e9e, et est susceptible de vous identifier.<\/p><p>En naviguant sur notre site, notamment sur la page \u00ab\u00a0Actualit\u00e9\u00a0\u00bb, vous avez la possibilit\u00e9 de cliquer sur des liens vers des sites externes \u00e0 Apidata (L\u2019Argus de l\u2019Assurance, BFMTV\u2026) ou sur une ic\u00f4ne \u00ab\u00a0mail\u00a0\u00bb qui vous redirigera vers votre bo\u00eete mail. <strong>Ces sites tierces sont susceptibles de d\u00e9poser des cookies pour vous proposer de la publicit\u00e9 cibl\u00e9e <\/strong>\u2013 cela ne d\u00e9pend pas de nous.<\/p><p><strong>\u00a0<\/strong><\/p><p><u>Mise \u00e0 jour de la politique de gestion des cookies\u00a0:<\/u><\/p><p>APIDATA se r\u00e9serve le droit de modifier ou de mettre \u00e0 jour cette politique lorsque cela devient n\u00e9cessaire. Nous vous prions de bien vouloir la consulter r\u00e9guli\u00e8rement.<\/p><p><strong>Droits des personnes concern\u00e9es :<\/strong><\/p><p>Conform\u00e9ment au RGPD, le visiteur du site dispose sur ses donn\u00e9es personnelles des droits suivants :<\/p><ul><li>Un droit d\u2019acc\u00e8s<\/li><li>Un droit de rectification<\/li><li>Un droit d\u2019effacement<\/li><li>Le cas \u00e9ch\u00e9ant, d\u2019un droit \u00e0 la portabilit\u00e9 de ses donn\u00e9es<\/li><li>Un droit de demander la limitation du traitement de ses donn\u00e9es et\/ ou de s\u2019y opposer<\/li><li>Le cas \u00e9ch\u00e9ant, un droit de retirer son consentement<\/li><li>Un droit de d\u00e9finir des directives relatives au sort de ses donn\u00e9es apr\u00e8s sa mort<\/li><\/ul><p>Le visiteur peut exercer ses droits en envoyant soit :<\/p><ul><li>Un courriel au D\u00e9l\u00e9gu\u00e9 \u00e0 la Protection des Donn\u00e9es (DPO) d\u2019Apidata : <a href=\"mailto:contactdpo@apidata.fr\">contactdpo@apidata.fr<\/a><\/li><li>Un courrier \u00e0 l\u2019attention du DPO d\u2019Apidata \u00e0 l\u2019adresse suivante : Apidata, \u00c0 l\u2019attention du DPO, 4 rue de Charenton, 94140 ALFORTVILLE<\/li><\/ul><p>Si le visiteur estime qu\u2019Apidata n\u2019a pas correctement r\u00e9pondu \u00e0 ses sollicitations, il dispose d\u2019un droit d\u2019introduire une r\u00e9clamation aupr\u00e8s de la CNIL.<\/p><p>Apidata limite la collecte des donn\u00e9es personnelles au strict n\u00e9cessaire au regard des finalit\u00e9s des traitements de donn\u00e9es, elles sont destin\u00e9es \u00e0 Apidata.<\/p><p><strong>Destinataires de donn\u00e9es :<\/strong><\/p><p>Les donn\u00e9es ne sont en aucun cas communiqu\u00e9es, ni vendues, ni c\u00e9d\u00e9es, lou\u00e9es et \/ ou commercialis\u00e9es \u00e0 des tiers au sens du RGPD.<\/p><p><strong>S\u00e9curit\u00e9 des donn\u00e9es :<\/strong><\/p><p>Les donn\u00e9es sont stock\u00e9es exclusivement sur le territoire Fran\u00e7ais et ne font l\u2019objet d\u2019aucun transfert en dehors de l\u2019Union Europ\u00e9enne.<\/p><p>Les donn\u00e9es seront conserv\u00e9es tant que le visiteur souhaitera recevoir des informations, et le temps n\u00e9cessaire \u00e0 la gestion de sa demande.<\/p><p>Apidata veille \u00e0 ce que toutes les mesures techniques et organisationnelles afin de prot\u00e9ger les donn\u00e9es personnelles soient mises en \u0153uvre, ces r\u00e8gles de confidentialit\u00e9s et de s\u00e9curit\u00e9 sont \u00e9galement impos\u00e9es \u00e0 l\u2019ensemble du personnel d\u2019Apidata, ainsi qu\u2019\u00e0 tous les prestataires et sous- traitants travaillant pour Apidata.<\/p><p>Cette politique de confidentialit\u00e9 est sujette \u00e0 des mises \u00e0 jour. Veuillez consulter cette page r\u00e9guli\u00e8rement pour rester inform\u00e9 des changements. Si vous avez des questions ou des pr\u00e9occupations, veuillez nous contacter \u00e0 <a href=\"mailto:contact@apidata.fr\">contact@apidata.fr<\/a>.<\/p>\t\t\t\t\t\t<\/div>\n\t\t\t\t<\/div>\n\t\t\t\t<div class=\"elementor-element elementor-element-310c980 elementor-widget elementor-widget-text-editor\" data-id=\"310c980\" data-element_type=\"widget\" data-widget_type=\"text-editor.default\">\n\t\t\t\t<div class=\"elementor-widget-container\">\n\t\t\t\t\t\t\t<p>Mise \u00e0 jour : 24\/04\/2024<\/p>\t\t\t\t\t\t<\/div>\n\t\t\t\t<\/div>\n\t\t\t\t<\/div>\n\t\t\t\t\t<\/div>\n\t\t\t\t<\/div>\n\t\t\t\t<\/div>\n\t\t","protected":false},"excerpt":{"rendered":"<p>POLITIQUE DE CONFIDENTIALITE Les internautes acc\u00e9dant au site www.apidata.fr peuvent \u00eatre amen\u00e9s \u00e0 fournir des informations nominatives ou \u00e0 caract\u00e8re personnel, notamment dans le cadre du formulaire de contact. Mentions l\u00e9gales\u00a0: Nous vous informons que le site internet https:\/\/apidata.fr\/ est \u00e9dit\u00e9 par : APIDATA Soci\u00e9t\u00e9 par actions simplifi\u00e9e au capital de 100 500,00\u20ac Si\u00e8ge social [&hellip;]<\/p>\n","protected":false},"author":1,"featured_media":0,"parent":0,"menu_order":0,"comment_status":"closed","ping_status":"closed","template":"","meta":{"footnotes":""},"yoast_head":"<!-- This site is optimized with the Yoast SEO plugin v22.7 - https:\/\/yoast.com\/wordpress\/plugins\/seo\/ -->\n<title>Politique de confidentialit\u00e9 - Apidata<\/title>\n<meta name=\"robots\" content=\"index, follow, max-snippet:-1, max-image-preview:large, max-video-preview:-1\" \/>\n<link rel=\"canonical\" href=\"https:\/\/www.apidata.fr\/index.php\/politique-de-confidentialite-2\/\" \/>\n<meta property=\"og:locale\" content=\"fr_FR\" \/>\n<meta property=\"og:type\" content=\"article\" \/>\n<meta property=\"og:title\" content=\"Politique de confidentialit\u00e9 - Apidata\" \/>\n<meta property=\"og:description\" content=\"POLITIQUE DE CONFIDENTIALITE Les internautes acc\u00e9dant au site www.apidata.fr peuvent \u00eatre amen\u00e9s \u00e0 fournir des informations nominatives ou \u00e0 caract\u00e8re personnel, notamment dans le cadre du formulaire de contact. Mentions l\u00e9gales\u00a0: Nous vous informons que le site internet https:\/\/apidata.fr\/ est \u00e9dit\u00e9 par : APIDATA Soci\u00e9t\u00e9 par actions simplifi\u00e9e au capital de 100 500,00\u20ac Si\u00e8ge social [&hellip;]\" \/>\n<meta property=\"og:url\" content=\"https:\/\/www.apidata.fr\/index.php\/politique-de-confidentialite-2\/\" \/>\n<meta property=\"og:site_name\" content=\"Apidata\" \/>\n<meta property=\"article:modified_time\" content=\"2025-04-28T11:53:22+00:00\" \/>\n<meta name=\"twitter:card\" content=\"summary_large_image\" \/>\n<meta name=\"twitter:label1\" content=\"Dur\u00e9e de lecture estim\u00e9e\" \/>\n\t<meta name=\"twitter:data1\" content=\"6 minutes\" \/>\n<script type=\"application\/ld+json\" class=\"yoast-schema-graph\">{\"@context\":\"https:\/\/schema.org\",\"@graph\":[{\"@type\":\"WebPage\",\"@id\":\"https:\/\/www.apidata.fr\/index.php\/politique-de-confidentialite-2\/\",\"url\":\"https:\/\/www.apidata.fr\/index.php\/politique-de-confidentialite-2\/\",\"name\":\"Politique de confidentialit\u00e9 - Apidata\",\"isPartOf\":{\"@id\":\"https:\/\/www.apidata.fr\/#website\"},\"datePublished\":\"2024-05-13T18:55:06+00:00\",\"dateModified\":\"2025-04-28T11:53:22+00:00\",\"breadcrumb\":{\"@id\":\"https:\/\/www.apidata.fr\/index.php\/politique-de-confidentialite-2\/#breadcrumb\"},\"inLanguage\":\"fr-FR\",\"potentialAction\":[{\"@type\":\"ReadAction\",\"target\":[\"https:\/\/www.apidata.fr\/index.php\/politique-de-confidentialite-2\/\"]}]},{\"@type\":\"BreadcrumbList\",\"@id\":\"https:\/\/www.apidata.fr\/index.php\/politique-de-confidentialite-2\/#breadcrumb\",\"itemListElement\":[{\"@type\":\"ListItem\",\"position\":1,\"name\":\"Accueil\",\"item\":\"https:\/\/www.apidata.fr\/\"},{\"@type\":\"ListItem\",\"position\":2,\"name\":\"Politique de confidentialit\u00e9\"}]},{\"@type\":\"WebSite\",\"@id\":\"https:\/\/www.apidata.fr\/#website\",\"url\":\"https:\/\/www.apidata.fr\/\",\"name\":\"Apidata\",\"description\":\"\",\"publisher\":{\"@id\":\"https:\/\/www.apidata.fr\/#organization\"},\"potentialAction\":[{\"@type\":\"SearchAction\",\"target\":{\"@type\":\"EntryPoint\",\"urlTemplate\":\"https:\/\/www.apidata.fr\/?s={search_term_string}\"},\"query-input\":\"required name=search_term_string\"}],\"inLanguage\":\"fr-FR\"},{\"@type\":\"Organization\",\"@id\":\"https:\/\/www.apidata.fr\/#organization\",\"name\":\"Apidata\",\"url\":\"https:\/\/www.apidata.fr\/\",\"logo\":{\"@type\":\"ImageObject\",\"inLanguage\":\"fr-FR\",\"@id\":\"https:\/\/www.apidata.fr\/#\/schema\/logo\/image\/\",\"url\":\"https:\/\/www.apidata.fr\/wp-content\/uploads\/2024\/04\/cropped-image-2-1.png\",\"contentUrl\":\"https:\/\/www.apidata.fr\/wp-content\/uploads\/2024\/04\/cropped-image-2-1.png\",\"width\":1040,\"height\":172,\"caption\":\"Apidata\"},\"image\":{\"@id\":\"https:\/\/www.apidata.fr\/#\/schema\/logo\/image\/\"}}]}<\/script>\n<!-- \/ Yoast SEO plugin. -->","yoast_head_json":{"title":"Politique de confidentialit\u00e9 - Apidata","robots":{"index":"index","follow":"follow","max-snippet":"max-snippet:-1","max-image-preview":"max-image-preview:large","max-video-preview":"max-video-preview:-1"},"canonical":"https:\/\/www.apidata.fr\/index.php\/politique-de-confidentialite-2\/","og_locale":"fr_FR","og_type":"article","og_title":"Politique de confidentialit\u00e9 - Apidata","og_description":"POLITIQUE DE CONFIDENTIALITE Les internautes acc\u00e9dant au site www.apidata.fr peuvent \u00eatre amen\u00e9s \u00e0 fournir des informations nominatives ou \u00e0 caract\u00e8re personnel, notamment dans le cadre du formulaire de contact. Mentions l\u00e9gales\u00a0: Nous vous informons que le site internet https:\/\/apidata.fr\/ est \u00e9dit\u00e9 par : APIDATA Soci\u00e9t\u00e9 par actions simplifi\u00e9e au capital de 100 500,00\u20ac Si\u00e8ge social [&hellip;]","og_url":"https:\/\/www.apidata.fr\/index.php\/politique-de-confidentialite-2\/","og_site_name":"Apidata","article_modified_time":"2025-04-28T11:53:22+00:00","twitter_card":"summary_large_image","twitter_misc":{"Dur\u00e9e de lecture estim\u00e9e":"6 minutes"},"schema":{"@context":"https:\/\/schema.org","@graph":[{"@type":"WebPage","@id":"https:\/\/www.apidata.fr\/index.php\/politique-de-confidentialite-2\/","url":"https:\/\/www.apidata.fr\/index.php\/politique-de-confidentialite-2\/","name":"Politique de confidentialit\u00e9 - Apidata","isPartOf":{"@id":"https:\/\/www.apidata.fr\/#website"},"datePublished":"2024-05-13T18:55:06+00:00","dateModified":"2025-04-28T11:53:22+00:00","breadcrumb":{"@id":"https:\/\/www.apidata.fr\/index.php\/politique-de-confidentialite-2\/#breadcrumb"},"inLanguage":"fr-FR","potentialAction":[{"@type":"ReadAction","target":["https:\/\/www.apidata.fr\/index.php\/politique-de-confidentialite-2\/"]}]},{"@type":"BreadcrumbList","@id":"https:\/\/www.apidata.fr\/index.php\/politique-de-confidentialite-2\/#breadcrumb","itemListElement":[{"@type":"ListItem","position":1,"name":"Accueil","item":"https:\/\/www.apidata.fr\/"},{"@type":"ListItem","position":2,"name":"Politique de confidentialit\u00e9"}]},{"@type":"WebSite","@id":"https:\/\/www.apidata.fr\/#website","url":"https:\/\/www.apidata.fr\/","name":"Apidata","description":"","publisher":{"@id":"https:\/\/www.apidata.fr\/#organization"},"potentialAction":[{"@type":"SearchAction","target":{"@type":"EntryPoint","urlTemplate":"https:\/\/www.apidata.fr\/?s={search_term_string}"},"query-input":"required name=search_term_string"}],"inLanguage":"fr-FR"},{"@type":"Organization","@id":"https:\/\/www.apidata.fr\/#organization","name":"Apidata","url":"https:\/\/www.apidata.fr\/","logo":{"@type":"ImageObject","inLanguage":"fr-FR","@id":"https:\/\/www.apidata.fr\/#\/schema\/logo\/image\/","url":"https:\/\/www.apidata.fr\/wp-content\/uploads\/2024\/04\/cropped-image-2-1.png","contentUrl":"https:\/\/www.apidata.fr\/wp-content\/uploads\/2024\/04\/cropped-image-2-1.png","width":1040,"height":172,"caption":"Apidata"},"image":{"@id":"https:\/\/www.apidata.fr\/#\/schema\/logo\/image\/"}}]}},"_links":{"self":[{"href":"https:\/\/www.apidata.fr\/index.php\/wp-json\/wp\/v2\/pages\/1517"}],"collection":[{"href":"https:\/\/www.apidata.fr\/index.php\/wp-json\/wp\/v2\/pages"}],"about":[{"href":"https:\/\/www.apidata.fr\/index.php\/wp-json\/wp\/v2\/types\/page"}],"author":[{"embeddable":true,"href":"https:\/\/www.apidata.fr\/index.php\/wp-json\/wp\/v2\/users\/1"}],"replies":[{"embeddable":true,"href":"https:\/\/www.apidata.fr\/index.php\/wp-json\/wp\/v2\/comments?post=1517"}],"version-history":[{"count":28,"href":"https:\/\/www.apidata.fr\/index.php\/wp-json\/wp\/v2\/pages\/1517\/revisions"}],"predecessor-version":[{"id":2678,"href":"https:\/\/www.apidata.fr\/index.php\/wp-json\/wp\/v2\/pages\/1517\/revisions\/2678"}],"wp:attachment":[{"href":"https:\/\/www.apidata.fr\/index.php\/wp-json\/wp\/v2\/media?parent=1517"}],"curies":[{"name":"wp","href":"https:\/\/api.w.org\/{rel}","templated":true}]}}